{"id":294,"date":"2023-05-01T15:07:00","date_gmt":"2023-05-01T13:07:00","guid":{"rendered":"https:\/\/falko-jahn.de\/fj\/?page_id=294"},"modified":"2024-09-25T10:36:49","modified_gmt":"2024-09-25T08:36:49","slug":"startseite","status":"publish","type":"page","link":"https:\/\/falko-jahn.de\/fj\/","title":{"rendered":"Falko Jahn"},"content":{"rendered":"\n<div class=\"wp-block-cover alignfull is-light\" style=\"min-height:700px\"><span aria-hidden=\"true\" class=\"wp-block-cover__background has-background-dim-30 has-background-dim\"><\/span><img decoding=\"async\" loading=\"lazy\" width=\"2560\" height=\"1714\" class=\"wp-block-cover__image-background wp-image-389\" alt=\"\" src=\"https:\/\/falko-jahn.de\/fj\/wp-content\/uploads\/2023\/05\/wolfegg42-scaled.jpg\" style=\"object-position:56% 0%\" data-object-fit=\"cover\" data-object-position=\"56% 0%\" srcset=\"https:\/\/falko-jahn.de\/fj\/wp-content\/uploads\/2023\/05\/wolfegg42-scaled.jpg 2560w, https:\/\/falko-jahn.de\/fj\/wp-content\/uploads\/2023\/05\/wolfegg42-576x386.jpg 576w, https:\/\/falko-jahn.de\/fj\/wp-content\/uploads\/2023\/05\/wolfegg42-1500x1004.jpg 1500w, https:\/\/falko-jahn.de\/fj\/wp-content\/uploads\/2023\/05\/wolfegg42-1536x1028.jpg 1536w, https:\/\/falko-jahn.de\/fj\/wp-content\/uploads\/2023\/05\/wolfegg42-2048x1371.jpg 2048w\" sizes=\"(max-width: 2560px) 100vw, 2560px\" \/><div class=\"wp-block-cover__inner-container\">\n<h1 class=\"wp-block-heading has-text-align-center has-white-color has-text-color\">Falko Jahn &#8211; Skulptur &amp; Handwerk<\/h1>\n\n\n\n<p class=\"has-text-align-center has-white-color has-text-color\" style=\"font-size:23px\">freischaffender K\u00fcnstler in Wangen im Allg\u00e4u und Umgebung<\/p>\n\n\n\n<div style=\"height:40px\" aria-hidden=\"true\" class=\"wp-block-spacer\"><\/div>\n\n\n\n<div class=\"wp-block-group is-layout-flow\">\n<p><\/p>\n<\/div>\n<\/div><\/div>\n\n\n\n<div style=\"height:60px\" aria-hidden=\"true\" class=\"wp-block-spacer\"><\/div>\n\n\n\n<div class=\"wp-block-group is-layout-flow\">\n<h2 class=\"wp-block-heading has-neve-text-color-color has-text-color has-body-font-font-family has-medium-font-size\"><\/h2>\n\n\n\n<p>Ausstellung Kunstraum Atelier,  Landesgartenschau Wangen im Allg\u00e4u, 14.08 &#8211; 27.08.2024<\/p>\n\n\n\n<div class=\"wp-block-columns is-layout-flex wp-container-3\" style=\"padding-top:0px;padding-right:0px;padding-bottom:0px;padding-left:0px\">\n<div class=\"wp-block-column is-layout-flow\" style=\"padding-top:0px;padding-right:0px;padding-bottom:0px;padding-left:0px\">\n<h2 class=\"wp-block-heading\">Letzte Ausstellung &#8222;InToleranzen&#8220;<\/h2>\n\n\n\n<p>Ein Ausloten von Spannungsb\u00f6gen, dargestellt in Material, Farbe, Form. Ein Wechselspiel von Fragen und Antworten zwischen den Arbeiten der K\u00fcnstlerin und des K\u00fcnstlers. Eine Zwiesprache unterschiedlicher Sichtweisen. Ein Spiel mit der Herausforderung, von festgelegten Normen abzuweichen. Malerei von <a rel=\"noreferrer noopener\" href=\"https:\/\/www.kunst-t-raum.de\/\" target=\"_blank\">Ulrike Liebsch<\/a>.<\/p>\n<\/div>\n<\/div>\n<\/div>\n\n\n\n<div class=\"wp-block-columns is-layout-flex wp-container-9\">\n<div class=\"wp-block-column is-layout-flow\">\n<figure class=\"wp-duotone-unset-5 wp-block-image size-large\"><img decoding=\"async\" loading=\"lazy\" width=\"1024\" height=\"1024\" src=\"https:\/\/falko-jahn.de\/fj\/wp-content\/uploads\/2024\/09\/IMG_1633-1024x1024.jpg\" alt=\"\" class=\"wp-image-736\" srcset=\"https:\/\/falko-jahn.de\/fj\/wp-content\/uploads\/2024\/09\/IMG_1633-1024x1024.jpg 1024w, https:\/\/falko-jahn.de\/fj\/wp-content\/uploads\/2024\/09\/IMG_1633-400x400.jpg 400w, https:\/\/falko-jahn.de\/fj\/wp-content\/uploads\/2024\/09\/IMG_1633-150x150.jpg 150w, https:\/\/falko-jahn.de\/fj\/wp-content\/uploads\/2024\/09\/IMG_1633-1536x1536.jpg 1536w, https:\/\/falko-jahn.de\/fj\/wp-content\/uploads\/2024\/09\/IMG_1633-2048x2048.jpg 2048w\" sizes=\"(max-width: 1024px) 100vw, 1024px\" \/><\/figure>\n<\/div>\n\n\n\n<div class=\"wp-block-column is-layout-flow\">\n<figure class=\"wp-duotone-unset-7 wp-block-image size-large\"><img decoding=\"async\" loading=\"lazy\" width=\"1024\" height=\"1024\" src=\"https:\/\/falko-jahn.de\/fj\/wp-content\/uploads\/2024\/09\/IMG_1611-1024x1024.jpg\" alt=\"\" class=\"wp-image-733\" srcset=\"https:\/\/falko-jahn.de\/fj\/wp-content\/uploads\/2024\/09\/IMG_1611-1024x1024.jpg 1024w, https:\/\/falko-jahn.de\/fj\/wp-content\/uploads\/2024\/09\/IMG_1611-400x400.jpg 400w, https:\/\/falko-jahn.de\/fj\/wp-content\/uploads\/2024\/09\/IMG_1611-150x150.jpg 150w, https:\/\/falko-jahn.de\/fj\/wp-content\/uploads\/2024\/09\/IMG_1611-1536x1536.jpg 1536w, https:\/\/falko-jahn.de\/fj\/wp-content\/uploads\/2024\/09\/IMG_1611-2048x2048.jpg 2048w\" sizes=\"(max-width: 1024px) 100vw, 1024px\" \/><\/figure>\n<\/div>\n<\/div>\n\n\n\n<div class=\"wp-block-columns is-layout-flex wp-container-14\">\n<div class=\"wp-block-column is-layout-flow\">\n<figure class=\"wp-duotone-unset-10 wp-block-image size-large\"><img decoding=\"async\" loading=\"lazy\" width=\"1024\" height=\"1024\" src=\"https:\/\/falko-jahn.de\/fj\/wp-content\/uploads\/2024\/09\/IMG_1617-1024x1024.jpg\" alt=\"\" class=\"wp-image-734\" srcset=\"https:\/\/falko-jahn.de\/fj\/wp-content\/uploads\/2024\/09\/IMG_1617-1024x1024.jpg 1024w, https:\/\/falko-jahn.de\/fj\/wp-content\/uploads\/2024\/09\/IMG_1617-400x400.jpg 400w, https:\/\/falko-jahn.de\/fj\/wp-content\/uploads\/2024\/09\/IMG_1617-150x150.jpg 150w, https:\/\/falko-jahn.de\/fj\/wp-content\/uploads\/2024\/09\/IMG_1617-1536x1536.jpg 1536w, https:\/\/falko-jahn.de\/fj\/wp-content\/uploads\/2024\/09\/IMG_1617-2048x2048.jpg 2048w\" sizes=\"(max-width: 1024px) 100vw, 1024px\" \/><\/figure>\n<\/div>\n\n\n\n<div class=\"wp-block-column is-layout-flow\">\n<figure class=\"wp-duotone-unset-12 wp-block-image size-large\"><img decoding=\"async\" loading=\"lazy\" width=\"1024\" height=\"1024\" src=\"https:\/\/falko-jahn.de\/fj\/wp-content\/uploads\/2024\/09\/IMG_1622-1024x1024.jpg\" alt=\"\" class=\"wp-image-735\" srcset=\"https:\/\/falko-jahn.de\/fj\/wp-content\/uploads\/2024\/09\/IMG_1622-1024x1024.jpg 1024w, https:\/\/falko-jahn.de\/fj\/wp-content\/uploads\/2024\/09\/IMG_1622-400x400.jpg 400w, https:\/\/falko-jahn.de\/fj\/wp-content\/uploads\/2024\/09\/IMG_1622-150x150.jpg 150w, https:\/\/falko-jahn.de\/fj\/wp-content\/uploads\/2024\/09\/IMG_1622-1536x1536.jpg 1536w, https:\/\/falko-jahn.de\/fj\/wp-content\/uploads\/2024\/09\/IMG_1622-2048x2048.jpg 2048w\" sizes=\"(max-width: 1024px) 100vw, 1024px\" \/><\/figure>\n<\/div>\n<\/div>\n\n\n\n<div style=\"height:60px\" aria-hidden=\"true\" class=\"wp-block-spacer\"><\/div>\n\n\n\n<div class=\"wp-block-group is-layout-flow\">\n<h2 class=\"wp-block-heading has-neve-text-color-color has-text-color has-body-font-font-family has-medium-font-size\">Skulptur<\/h2>\n\n\n\n<div class=\"wp-block-columns is-layout-flex wp-container-20\" style=\"padding-top:0px;padding-right:0px;padding-bottom:0px;padding-left:0px\">\n<div class=\"wp-block-column is-layout-flow\" style=\"padding-top:0px;padding-right:0px;padding-bottom:0px;padding-left:0px\">\n<figure class=\"wp-duotone-unset-15 wp-block-image size-large\"><img decoding=\"async\" loading=\"lazy\" width=\"685\" height=\"1024\" src=\"https:\/\/falko-jahn.de\/fj\/wp-content\/uploads\/2023\/06\/engel-1-685x1024.jpg\" alt=\"\" class=\"wp-image-480\" srcset=\"https:\/\/falko-jahn.de\/fj\/wp-content\/uploads\/2023\/06\/engel-1-685x1024.jpg 685w, https:\/\/falko-jahn.de\/fj\/wp-content\/uploads\/2023\/06\/engel-1-268x400.jpg 268w, https:\/\/falko-jahn.de\/fj\/wp-content\/uploads\/2023\/06\/engel-1-1028x1536.jpg 1028w, https:\/\/falko-jahn.de\/fj\/wp-content\/uploads\/2023\/06\/engel-1-1371x2048.jpg 1371w, https:\/\/falko-jahn.de\/fj\/wp-content\/uploads\/2023\/06\/engel-1-scaled.jpg 1714w\" sizes=\"(max-width: 685px) 100vw, 685px\" \/><\/figure>\n\n\n\n<figure class=\"wp-duotone-unset-16 wp-block-image size-full\"><img decoding=\"async\" loading=\"lazy\" width=\"576\" height=\"430\" src=\"https:\/\/falko-jahn.de\/fj\/wp-content\/uploads\/2016\/02\/falko_jahn-frau_mit_tuch-01-2.jpg\" alt=\"\" class=\"wp-image-105\" srcset=\"https:\/\/falko-jahn.de\/fj\/wp-content\/uploads\/2016\/02\/falko_jahn-frau_mit_tuch-01-2.jpg 576w, https:\/\/falko-jahn.de\/fj\/wp-content\/uploads\/2016\/02\/falko_jahn-frau_mit_tuch-01-2-300x224.jpg 300w\" sizes=\"(max-width: 576px) 100vw, 576px\" \/><\/figure>\n<\/div>\n\n\n\n<div class=\"wp-block-column is-layout-flow\">\n<figure class=\"wp-duotone-unset-18 wp-block-image size-full\"><img decoding=\"async\" loading=\"lazy\" width=\"576\" height=\"431\" src=\"https:\/\/falko-jahn.de\/fj\/wp-content\/uploads\/2016\/02\/falko_jahn-vertrauen-01-2.jpg\" alt=\"\" class=\"wp-image-98\" srcset=\"https:\/\/falko-jahn.de\/fj\/wp-content\/uploads\/2016\/02\/falko_jahn-vertrauen-01-2.jpg 576w, https:\/\/falko-jahn.de\/fj\/wp-content\/uploads\/2016\/02\/falko_jahn-vertrauen-01-2-300x224.jpg 300w\" sizes=\"(max-width: 576px) 100vw, 576px\" \/><\/figure>\n\n\n\n<figure class=\"wp-block-image size-large size-full\"><img decoding=\"async\" loading=\"lazy\" width=\"685\" height=\"1024\" src=\"https:\/\/falko-jahn.de\/fj\/wp-content\/uploads\/2023\/06\/adler-3-685x1024.jpg\" alt=\"\" class=\"wp-image-432\" srcset=\"https:\/\/falko-jahn.de\/fj\/wp-content\/uploads\/2023\/06\/adler-3-685x1024.jpg 685w, https:\/\/falko-jahn.de\/fj\/wp-content\/uploads\/2023\/06\/adler-3-268x400.jpg 268w, https:\/\/falko-jahn.de\/fj\/wp-content\/uploads\/2023\/06\/adler-3-1028x1536.jpg 1028w, https:\/\/falko-jahn.de\/fj\/wp-content\/uploads\/2023\/06\/adler-3-1371x2048.jpg 1371w, https:\/\/falko-jahn.de\/fj\/wp-content\/uploads\/2023\/06\/adler-3-scaled.jpg 1714w\" sizes=\"(max-width: 685px) 100vw, 685px\" \/><\/figure>\n<\/div>\n<\/div>\n<\/div>\n\n\n\n<div style=\"height:30px\" aria-hidden=\"true\" class=\"wp-block-spacer\"><\/div>\n\n\n\n<div class=\"wp-block-buttons is-layout-flex\">\n<div class=\"wp-block-button has-custom-font-size is-style-outline\" style=\"font-size:0.89rem\"><a class=\"wp-block-button__link has-luminous-vivid-orange-color has-background-background-color has-text-color has-background wp-element-button\" href=\"https:\/\/falko-jahn.de\/fj\/skulpturen\/\" style=\"border-radius:10px;padding-top:var(--wp--preset--spacing--30);padding-right:var(--wp--preset--spacing--30);padding-bottom:var(--wp--preset--spacing--30);padding-left:var(--wp--preset--spacing--30)\">Skulpturen entdecken <strong>\u2192<\/strong><\/a><\/div>\n<\/div>\n\n\n\n<div class=\"wp-block-group is-layout-flow\">\n<div style=\"height:60px\" aria-hidden=\"true\" class=\"wp-block-spacer\"><\/div>\n\n\n\n<h2 class=\"wp-block-heading has-neve-text-color-color has-text-color has-body-font-font-family has-medium-font-size\">Handwerk<\/h2>\n\n\n\n<div class=\"wp-block-columns is-layout-flex wp-container-31\" style=\"padding-top:0px;padding-right:0px;padding-bottom:0px;padding-left:0px\">\n<div class=\"wp-block-column is-layout-flow\">\n<div class=\"wp-block-columns is-layout-flex wp-container-26\">\n<div class=\"wp-block-column is-vertically-aligned-top is-layout-flow\">\n<figure class=\"wp-duotone-unset-23 wp-block-image size-full\"><img decoding=\"async\" loading=\"lazy\" width=\"800\" height=\"600\" src=\"https:\/\/falko-jahn.de\/fj\/wp-content\/uploads\/2023\/06\/baumhaus-1.jpg\" alt=\"\" class=\"wp-image-487\" srcset=\"https:\/\/falko-jahn.de\/fj\/wp-content\/uploads\/2023\/06\/baumhaus-1.jpg 800w, https:\/\/falko-jahn.de\/fj\/wp-content\/uploads\/2023\/06\/baumhaus-1-533x400.jpg 533w\" sizes=\"(max-width: 800px) 100vw, 800px\" \/><\/figure>\n\n\n\n<figure class=\"wp-duotone-unset-24 wp-block-image size-large\"><img decoding=\"async\" loading=\"lazy\" width=\"1365\" height=\"1024\" src=\"https:\/\/falko-jahn.de\/fj\/wp-content\/uploads\/2023\/09\/IMG_2092-1365x1024.jpg\" alt=\"\" class=\"wp-image-610\" srcset=\"https:\/\/falko-jahn.de\/fj\/wp-content\/uploads\/2023\/09\/IMG_2092-1365x1024.jpg 1365w, https:\/\/falko-jahn.de\/fj\/wp-content\/uploads\/2023\/09\/IMG_2092-533x400.jpg 533w, https:\/\/falko-jahn.de\/fj\/wp-content\/uploads\/2023\/09\/IMG_2092-1536x1152.jpg 1536w, https:\/\/falko-jahn.de\/fj\/wp-content\/uploads\/2023\/09\/IMG_2092-2048x1536.jpg 2048w\" sizes=\"(max-width: 1365px) 100vw, 1365px\" \/><\/figure>\n<\/div>\n<\/div>\n<\/div>\n\n\n\n<div class=\"wp-block-column is-layout-flow\" style=\"padding-top:0px;padding-right:0px;padding-bottom:0px;padding-left:0px\">\n<figure class=\"wp-duotone-unset-28 wp-block-image size-large\"><img decoding=\"async\" loading=\"lazy\" width=\"1365\" height=\"1024\" src=\"https:\/\/falko-jahn.de\/fj\/wp-content\/uploads\/2023\/09\/tisch-3-edited-1365x1024.jpeg\" alt=\"\" class=\"wp-image-616\" srcset=\"https:\/\/falko-jahn.de\/fj\/wp-content\/uploads\/2023\/09\/tisch-3-edited-1365x1024.jpeg 1365w, https:\/\/falko-jahn.de\/fj\/wp-content\/uploads\/2023\/09\/tisch-3-edited-533x400.jpeg 533w, https:\/\/falko-jahn.de\/fj\/wp-content\/uploads\/2023\/09\/tisch-3-edited-1536x1152.jpeg 1536w, https:\/\/falko-jahn.de\/fj\/wp-content\/uploads\/2023\/09\/tisch-3-edited.jpeg 1849w\" sizes=\"(max-width: 1365px) 100vw, 1365px\" \/><\/figure>\n\n\n\n<figure class=\"wp-duotone-unset-29 wp-block-image size-large\"><img decoding=\"async\" loading=\"lazy\" width=\"1365\" height=\"1024\" src=\"https:\/\/falko-jahn.de\/fj\/wp-content\/uploads\/2023\/09\/pizzaofen-3-1365x1024.jpg\" alt=\"\" class=\"wp-image-601\" srcset=\"https:\/\/falko-jahn.de\/fj\/wp-content\/uploads\/2023\/09\/pizzaofen-3-1365x1024.jpg 1365w, https:\/\/falko-jahn.de\/fj\/wp-content\/uploads\/2023\/09\/pizzaofen-3-533x400.jpg 533w, https:\/\/falko-jahn.de\/fj\/wp-content\/uploads\/2023\/09\/pizzaofen-3-1536x1152.jpg 1536w, https:\/\/falko-jahn.de\/fj\/wp-content\/uploads\/2023\/09\/pizzaofen-3-2048x1536.jpg 2048w\" sizes=\"(max-width: 1365px) 100vw, 1365px\" \/><\/figure>\n<\/div>\n<\/div>\n<\/div>\n\n\n\n<div style=\"height:30px\" aria-hidden=\"true\" class=\"wp-block-spacer\"><\/div>\n\n\n\n<div class=\"wp-block-buttons is-layout-flex\">\n<div class=\"wp-block-button has-custom-font-size is-style-outline\" style=\"font-size:0.89rem\"><a class=\"wp-block-button__link has-luminous-vivid-orange-color has-background-background-color has-text-color has-background wp-element-button\" href=\"https:\/\/falko-jahn.de\/fj\/handwerk\/\" style=\"border-radius:10px;padding-top:var(--wp--preset--spacing--30);padding-right:var(--wp--preset--spacing--30);padding-bottom:var(--wp--preset--spacing--30);padding-left:var(--wp--preset--spacing--30)\">Handwerk entdecken <strong>\u2192<\/strong><\/a><\/div>\n<\/div>\n\n\n\n<div style=\"height:60px\" aria-hidden=\"true\" class=\"wp-block-spacer\"><\/div>\n\n\n\n<div class=\"wp-block-group is-layout-flow\">\n<div class=\"wp-block-columns is-layout-flex wp-container-35\">\n<div class=\"wp-block-column is-layout-flow\" style=\"flex-basis:66.66%\">\n<h2 class=\"wp-block-heading has-medium-font-size\">Performances<\/h2>\n<\/div>\n<\/div>\n\n\n\n<figure class=\"wp-block-gallery has-nested-images columns-2 is-cropped wp-block-gallery-36 is-layout-flex\">\n<figure class=\"wp-block-image size-large\"><img decoding=\"async\" loading=\"lazy\" width=\"576\" height=\"316\" src=\"https:\/\/falko-jahn.de\/fj\/wp-content\/uploads\/2016\/02\/Kyosei-Kunsthalle-Kleinschoenach-24.11.12.jpg\" alt=\"\" class=\"wp-image-110\" srcset=\"https:\/\/falko-jahn.de\/fj\/wp-content\/uploads\/2016\/02\/Kyosei-Kunsthalle-Kleinschoenach-24.11.12.jpg 576w, https:\/\/falko-jahn.de\/fj\/wp-content\/uploads\/2016\/02\/Kyosei-Kunsthalle-Kleinschoenach-24.11.12-300x165.jpg 300w\" sizes=\"(max-width: 576px) 100vw, 576px\" \/><\/figure>\n\n\n\n<figure class=\"wp-block-image size-large\"><img decoding=\"async\" loading=\"lazy\" width=\"576\" height=\"384\" src=\"https:\/\/falko-jahn.de\/fj\/wp-content\/uploads\/2016\/02\/falko_jahn-zoi-01-2.jpg\" alt=\"\" class=\"wp-image-118\" srcset=\"https:\/\/falko-jahn.de\/fj\/wp-content\/uploads\/2016\/02\/falko_jahn-zoi-01-2.jpg 576w, https:\/\/falko-jahn.de\/fj\/wp-content\/uploads\/2016\/02\/falko_jahn-zoi-01-2-300x200.jpg 300w\" sizes=\"(max-width: 576px) 100vw, 576px\" \/><\/figure>\n\n\n\n<figure class=\"wp-block-image size-large\"><img decoding=\"async\" loading=\"lazy\" width=\"576\" height=\"384\" src=\"https:\/\/falko-jahn.de\/fj\/wp-content\/uploads\/2016\/02\/falko_jahn-zoi-09-2.jpg\" alt=\"\" class=\"wp-image-115\" srcset=\"https:\/\/falko-jahn.de\/fj\/wp-content\/uploads\/2016\/02\/falko_jahn-zoi-09-2.jpg 576w, https:\/\/falko-jahn.de\/fj\/wp-content\/uploads\/2016\/02\/falko_jahn-zoi-09-2-300x200.jpg 300w\" sizes=\"(max-width: 576px) 100vw, 576px\" \/><\/figure>\n\n\n\n<figure class=\"wp-block-image size-large\"><img decoding=\"async\" loading=\"lazy\" width=\"1024\" height=\"546\" src=\"https:\/\/falko-jahn.de\/fj\/wp-content\/uploads\/2016\/02\/falko_jahn-performance-bg-05-1-1024x546.jpg\" alt=\"\" class=\"wp-image-15\" srcset=\"https:\/\/falko-jahn.de\/fj\/wp-content\/uploads\/2016\/02\/falko_jahn-performance-bg-05-1-1024x546.jpg 1024w, https:\/\/falko-jahn.de\/fj\/wp-content\/uploads\/2016\/02\/falko_jahn-performance-bg-05-1-300x160.jpg 300w, https:\/\/falko-jahn.de\/fj\/wp-content\/uploads\/2016\/02\/falko_jahn-performance-bg-05-1-768x410.jpg 768w, https:\/\/falko-jahn.de\/fj\/wp-content\/uploads\/2016\/02\/falko_jahn-performance-bg-05-1.jpg 1500w\" sizes=\"(max-width: 1024px) 100vw, 1024px\" \/><\/figure>\n<\/figure>\n<\/div>\n\n\n\n<div style=\"height:30px\" aria-hidden=\"true\" class=\"wp-block-spacer\"><\/div>\n\n\n\n<div class=\"wp-block-buttons is-layout-flex\">\n<div class=\"wp-block-button has-custom-font-size is-style-outline\" style=\"font-size:0.89rem\"><a class=\"wp-block-button__link has-luminous-vivid-orange-color has-background-background-color has-text-color has-background wp-element-button\" href=\"https:\/\/falko-jahn.de\/fj\/performance\" style=\"border-radius:10px;padding-top:var(--wp--preset--spacing--30);padding-right:var(--wp--preset--spacing--30);padding-bottom:var(--wp--preset--spacing--30);padding-left:var(--wp--preset--spacing--30)\">Performances entdecken <strong>\u2192<\/strong><\/a><\/div>\n<\/div>\n\n\n\n<div style=\"height:60px\" aria-hidden=\"true\" class=\"wp-block-spacer\"><\/div>\n","protected":false},"excerpt":{"rendered":"<p>Ausstellung Kunstraum Atelier, Landesgartenschau Wangen im Allg\u00e4u, 14.08 &#8211; 27.08.2024 Letzte Ausstellung &#8222;InToleranzen&#8220; Ein Ausloten von Spannungsb\u00f6gen, dargestellt in Material, Farbe, Form. Ein Wechselspiel von Fragen und Antworten zwischen den Arbeiten der K\u00fcnstlerin und des K\u00fcnstlers. Eine Zwiesprache unterschiedlicher Sichtweisen. Ein Spiel mit der Herausforderung, von festgelegten Normen abzuweichen. Malerei von Ulrike Liebsch. Skulptur Handwerk [&hellip;]<\/p>\n","protected":false},"author":3,"featured_media":97,"parent":0,"menu_order":0,"comment_status":"closed","ping_status":"closed","template":"","meta":[],"_links":{"self":[{"href":"https:\/\/falko-jahn.de\/fj\/wp-json\/wp\/v2\/pages\/294"}],"collection":[{"href":"https:\/\/falko-jahn.de\/fj\/wp-json\/wp\/v2\/pages"}],"about":[{"href":"https:\/\/falko-jahn.de\/fj\/wp-json\/wp\/v2\/types\/page"}],"author":[{"embeddable":true,"href":"https:\/\/falko-jahn.de\/fj\/wp-json\/wp\/v2\/users\/3"}],"replies":[{"embeddable":true,"href":"https:\/\/falko-jahn.de\/fj\/wp-json\/wp\/v2\/comments?post=294"}],"version-history":[{"count":45,"href":"https:\/\/falko-jahn.de\/fj\/wp-json\/wp\/v2\/pages\/294\/revisions"}],"predecessor-version":[{"id":738,"href":"https:\/\/falko-jahn.de\/fj\/wp-json\/wp\/v2\/pages\/294\/revisions\/738"}],"wp:featuredmedia":[{"embeddable":true,"href":"https:\/\/falko-jahn.de\/fj\/wp-json\/wp\/v2\/media\/97"}],"wp:attachment":[{"href":"https:\/\/falko-jahn.de\/fj\/wp-json\/wp\/v2\/media?parent=294"}],"curies":[{"name":"wp","href":"https:\/\/api.w.org\/{rel}","templated":true}]}}